{"id":2,"date":"2021-04-09T06:36:32","date_gmt":"2021-04-09T03:36:32","guid":{"rendered":"https:\/\/www.kana-areena.fi\/?page_id=2"},"modified":"2021-04-14T20:13:04","modified_gmt":"2021-04-14T17:13:04","slug":"esimerkkisivu","status":"publish","type":"page","link":"https:\/\/www.kana-areena.fi\/","title":{"rendered":"KANA-AREENA"},"content":{"rendered":"\n<figure class=\"wp-block-image size-large is-style-twentytwentyone-image-frame\"><img loading=\"lazy\" decoding=\"async\" width=\"960\" height=\"640\" src=\"https:\/\/www.kana-areena.fi\/wp-content\/uploads\/2021\/04\/uushalli3.jpg\" alt=\"\" class=\"wp-image-9\" srcset=\"https:\/\/www.kana-areena.fi\/wp-content\/uploads\/2021\/04\/uushalli3.jpg 960w, https:\/\/www.kana-areena.fi\/wp-content\/uploads\/2021\/04\/uushalli3-300x200.jpg 300w, https:\/\/www.kana-areena.fi\/wp-content\/uploads\/2021\/04\/uushalli3-768x512.jpg 768w\" sizes=\"auto, (max-width: 960px) 100vw, 960px\" \/><figcaption>Kana-areena l\u00f6ytyy nyt my\u00f6s facebookista!<\/figcaption><\/figure>\n\n\n\n<h2 class=\"wp-block-heading\"><strong>Broilerit v\u00e4istyiv\u00e4t koirien tielt\u00e4<\/strong><\/h2>\n\n\n\n<p><br>Kana-areena avattiin koirav\u00e4elle marraskuussa 2008. T\u00e4t\u00e4 ennen tiloissa tepastelivat broilerit, mist\u00e4 juontaakin nimi Kana-areena. Halleissa tehtiin perusteellinen remontti ennen koiraharrastajien saapumista.<br>Koiraurheiluhallimme sijaitsevat entisen L\u00e4ngelm\u00e4en kunnan alueella L\u00e4nkipohjan kyl\u00e4ss\u00e4. Kulkuyhteydet Kana-areenalle ovat helpot: hallit sijaitsevat kahden kilometrin p\u00e4\u00e4ss\u00e4 valtatie 9:lt\u00e4. Matkaa L\u00e4nkipohjaan tulee Tampereelta n. 65km ja Jyv\u00e4skyl\u00e4st\u00e4 n. 85km.<\/p>\n\n\n\n<h2 class=\"wp-block-heading\"><strong>Tilat koiraharrastuksiin, kasvattitapaamisiin ja leireihin<\/strong><\/h2>\n\n\n\n<p><br>L\u00e4mpim\u00e4ss\u00e4 460 -neli\u00f6isess\u00e4 (13m x 36m) agilityhallissa on Jutagrass tekonurmi ja Smart-99 -agilityesteet. Agilityhallin eteistilassa on kahvinkeitin ja mikroaaltouuni asiakkaiden k\u00e4yt\u00f6ss\u00e4. Tilasta l\u00f6ytyy my\u00f6s wc.<br>Kana-areenan toinen talvil\u00e4mp\u00f6inen halli on suunnattu erityisesti tokon ja pk -lajien harrastamiseen. Hallin pohjana on keinonurmi. Tokohallin koko on 390 neli\u00f6t\u00e4 (10m x 39m). Tokohallista l\u00f6ytyy my\u00f6s tokomerkit ja ruutunauhat.<br>Kana-areenan l\u00e4hist\u00f6lt\u00e4 l\u00f6ytyy my\u00f6s maastoja, joita voi k\u00e4ytt\u00e4\u00e4 j\u00e4ljestykseen. Kysy lis\u00e4\u00e4 !<\/p>\n\n\n\n<p>Vakiovuorolaiset: mik\u00e4li vuoronne peruuntuu, siit\u00e4 on ilmoitettava Liisalle p. 040-5731077 1 vrk ennen. Muuten laskutetaan varattu aika.<\/p>\n\n\n\n<figure class=\"wp-block-gallery columns-3 is-cropped wp-block-gallery-1 is-layout-flex wp-block-gallery-is-layout-flex\"><ul class=\"blocks-gallery-grid\"><li class=\"blocks-gallery-item\"><figure><img loading=\"lazy\" decoding=\"async\" width=\"1024\" height=\"683\" src=\"https:\/\/www.kana-areena.fi\/wp-content\/uploads\/2021\/04\/uushalli16-1024x683.jpg\" alt=\"\" data-id=\"58\" data-link=\"https:\/\/www.kana-areena.fi\/index.php\/esimerkkisivu\/uushalli16\/\" class=\"wp-image-58\" srcset=\"https:\/\/www.kana-areena.fi\/wp-content\/uploads\/2021\/04\/uushalli16-1024x683.jpg 1024w, https:\/\/www.kana-areena.fi\/wp-content\/uploads\/2021\/04\/uushalli16-300x200.jpg 300w, https:\/\/www.kana-areena.fi\/wp-content\/uploads\/2021\/04\/uushalli16-768x512.jpg 768w, https:\/\/www.kana-areena.fi\/wp-content\/uploads\/2021\/04\/uushalli16-1536x1024.jpg 1536w, https:\/\/www.kana-areena.fi\/wp-content\/uploads\/2021\/04\/uushalli16-1x1.jpg 1w, https:\/\/www.kana-areena.fi\/wp-content\/uploads\/2021\/04\/uushalli16.jpg 2048w\" sizes=\"auto, (max-width: 1024px) 100vw, 1024px\" \/><\/figure><\/li><li class=\"blocks-gallery-item\"><figure><img loading=\"lazy\" decoding=\"async\" width=\"960\" height=\"640\" src=\"https:\/\/www.kana-areena.fi\/wp-content\/uploads\/2021\/04\/uustokohalli2.jpg\" alt=\"\" data-id=\"59\" data-link=\"https:\/\/www.kana-areena.fi\/index.php\/esimerkkisivu\/uustokohalli2\/\" class=\"wp-image-59\" srcset=\"https:\/\/www.kana-areena.fi\/wp-content\/uploads\/2021\/04\/uustokohalli2.jpg 960w, https:\/\/www.kana-areena.fi\/wp-content\/uploads\/2021\/04\/uustokohalli2-300x200.jpg 300w, https:\/\/www.kana-areena.fi\/wp-content\/uploads\/2021\/04\/uustokohalli2-768x512.jpg 768w, https:\/\/www.kana-areena.fi\/wp-content\/uploads\/2021\/04\/uustokohalli2-1x1.jpg 1w\" sizes=\"auto, (max-width: 960px) 100vw, 960px\" \/><\/figure><\/li><li class=\"blocks-gallery-item\"><figure><img loading=\"lazy\" decoding=\"async\" width=\"960\" height=\"640\" src=\"https:\/\/www.kana-areena.fi\/wp-content\/uploads\/2021\/04\/uushalli11.jpg\" alt=\"\" data-id=\"60\" data-link=\"https:\/\/www.kana-areena.fi\/index.php\/esimerkkisivu\/uushalli11\/\" class=\"wp-image-60\" srcset=\"https:\/\/www.kana-areena.fi\/wp-content\/uploads\/2021\/04\/uushalli11.jpg 960w, https:\/\/www.kana-areena.fi\/wp-content\/uploads\/2021\/04\/uushalli11-300x200.jpg 300w, https:\/\/www.kana-areena.fi\/wp-content\/uploads\/2021\/04\/uushalli11-768x512.jpg 768w, https:\/\/www.kana-areena.fi\/wp-content\/uploads\/2021\/04\/uushalli11-1x1.jpg 1w\" sizes=\"auto, (max-width: 960px) 100vw, 960px\" \/><\/figure><\/li><li class=\"blocks-gallery-item\"><figure><img loading=\"lazy\" decoding=\"async\" width=\"960\" height=\"640\" src=\"https:\/\/www.kana-areena.fi\/wp-content\/uploads\/2021\/04\/uustokohalli2-1.jpg\" alt=\"\" data-id=\"61\" data-link=\"https:\/\/www.kana-areena.fi\/index.php\/esimerkkisivu\/uustokohalli2-1\/\" class=\"wp-image-61\" srcset=\"https:\/\/www.kana-areena.fi\/wp-content\/uploads\/2021\/04\/uustokohalli2-1.jpg 960w, https:\/\/www.kana-areena.fi\/wp-content\/uploads\/2021\/04\/uustokohalli2-1-300x200.jpg 300w, https:\/\/www.kana-areena.fi\/wp-content\/uploads\/2021\/04\/uustokohalli2-1-768x512.jpg 768w, https:\/\/www.kana-areena.fi\/wp-content\/uploads\/2021\/04\/uustokohalli2-1-1x1.jpg 1w\" sizes=\"auto, (max-width: 960px) 100vw, 960px\" \/><\/figure><\/li><li class=\"blocks-gallery-item\"><figure><img loading=\"lazy\" decoding=\"async\" width=\"960\" height=\"640\" src=\"https:\/\/www.kana-areena.fi\/wp-content\/uploads\/2021\/04\/uushalli11-1.jpg\" alt=\"\" data-id=\"62\" data-link=\"https:\/\/www.kana-areena.fi\/index.php\/esimerkkisivu\/uushalli11-1\/\" class=\"wp-image-62\" srcset=\"https:\/\/www.kana-areena.fi\/wp-content\/uploads\/2021\/04\/uushalli11-1.jpg 960w, https:\/\/www.kana-areena.fi\/wp-content\/uploads\/2021\/04\/uushalli11-1-300x200.jpg 300w, https:\/\/www.kana-areena.fi\/wp-content\/uploads\/2021\/04\/uushalli11-1-768x512.jpg 768w, https:\/\/www.kana-areena.fi\/wp-content\/uploads\/2021\/04\/uushalli11-1-1x1.jpg 1w\" sizes=\"auto, (max-width: 960px) 100vw, 960px\" \/><\/figure><\/li><li class=\"blocks-gallery-item\"><figure><img loading=\"lazy\" decoding=\"async\" width=\"600\" height=\"399\" src=\"https:\/\/www.kana-areena.fi\/wp-content\/uploads\/2021\/04\/tokohalli1.jpg\" alt=\"\" data-id=\"64\" data-link=\"https:\/\/www.kana-areena.fi\/index.php\/esimerkkisivu\/tokohalli1\/\" class=\"wp-image-64\" srcset=\"https:\/\/www.kana-areena.fi\/wp-content\/uploads\/2021\/04\/tokohalli1.jpg 600w, https:\/\/www.kana-areena.fi\/wp-content\/uploads\/2021\/04\/tokohalli1-300x200.jpg 300w, https:\/\/www.kana-areena.fi\/wp-content\/uploads\/2021\/04\/tokohalli1-1x1.jpg 1w\" sizes=\"auto, (max-width: 600px) 100vw, 600px\" \/><\/figure><\/li><li class=\"blocks-gallery-item\"><figure><img loading=\"lazy\" decoding=\"async\" width=\"1024\" height=\"683\" src=\"https:\/\/www.kana-areena.fi\/wp-content\/uploads\/2021\/04\/uushalli17-1024x683.jpg\" alt=\"\" data-id=\"65\" data-link=\"https:\/\/www.kana-areena.fi\/index.php\/esimerkkisivu\/uushalli17\/\" class=\"wp-image-65\" srcset=\"https:\/\/www.kana-areena.fi\/wp-content\/uploads\/2021\/04\/uushalli17-1024x683.jpg 1024w, https:\/\/www.kana-areena.fi\/wp-content\/uploads\/2021\/04\/uushalli17-300x200.jpg 300w, https:\/\/www.kana-areena.fi\/wp-content\/uploads\/2021\/04\/uushalli17-768x512.jpg 768w, https:\/\/www.kana-areena.fi\/wp-content\/uploads\/2021\/04\/uushalli17-1536x1024.jpg 1536w, https:\/\/www.kana-areena.fi\/wp-content\/uploads\/2021\/04\/uushalli17-1x1.jpg 1w, https:\/\/www.kana-areena.fi\/wp-content\/uploads\/2021\/04\/uushalli17.jpg 2048w\" sizes=\"auto, (max-width: 1024px) 100vw, 1024px\" \/><\/figure><\/li><li class=\"blocks-gallery-item\"><figure><img loading=\"lazy\" decoding=\"async\" width=\"400\" height=\"601\" src=\"https:\/\/www.kana-areena.fi\/wp-content\/uploads\/2021\/04\/tokohalli2.jpg\" alt=\"\" data-id=\"66\" data-link=\"https:\/\/www.kana-areena.fi\/index.php\/esimerkkisivu\/tokohalli2\/\" class=\"wp-image-66\" srcset=\"https:\/\/www.kana-areena.fi\/wp-content\/uploads\/2021\/04\/tokohalli2.jpg 400w, https:\/\/www.kana-areena.fi\/wp-content\/uploads\/2021\/04\/tokohalli2-200x300.jpg 200w, https:\/\/www.kana-areena.fi\/wp-content\/uploads\/2021\/04\/tokohalli2-1x2.jpg 1w\" sizes=\"auto, (max-width: 400px) 100vw, 400px\" \/><\/figure><\/li><li class=\"blocks-gallery-item\"><figure><img loading=\"lazy\" decoding=\"async\" width=\"960\" height=\"640\" src=\"https:\/\/www.kana-areena.fi\/wp-content\/uploads\/2021\/04\/uustokohalli3.jpg\" alt=\"\" data-id=\"67\" data-link=\"https:\/\/www.kana-areena.fi\/index.php\/esimerkkisivu\/uustokohalli3\/\" class=\"wp-image-67\" srcset=\"https:\/\/www.kana-areena.fi\/wp-content\/uploads\/2021\/04\/uustokohalli3.jpg 960w, https:\/\/www.kana-areena.fi\/wp-content\/uploads\/2021\/04\/uustokohalli3-300x200.jpg 300w, https:\/\/www.kana-areena.fi\/wp-content\/uploads\/2021\/04\/uustokohalli3-768x512.jpg 768w, https:\/\/www.kana-areena.fi\/wp-content\/uploads\/2021\/04\/uustokohalli3-1x1.jpg 1w\" sizes=\"auto, (max-width: 960px) 100vw, 960px\" \/><\/figure><\/li><li class=\"blocks-gallery-item\"><figure><img loading=\"lazy\" decoding=\"async\" width=\"960\" height=\"640\" src=\"https:\/\/www.kana-areena.fi\/wp-content\/uploads\/2021\/04\/uushalli6-1.jpg\" alt=\"\" data-id=\"68\" data-link=\"https:\/\/www.kana-areena.fi\/index.php\/esimerkkisivu\/uushalli6-1\/\" class=\"wp-image-68\" srcset=\"https:\/\/www.kana-areena.fi\/wp-content\/uploads\/2021\/04\/uushalli6-1.jpg 960w, https:\/\/www.kana-areena.fi\/wp-content\/uploads\/2021\/04\/uushalli6-1-300x200.jpg 300w, https:\/\/www.kana-areena.fi\/wp-content\/uploads\/2021\/04\/uushalli6-1-768x512.jpg 768w, https:\/\/www.kana-areena.fi\/wp-content\/uploads\/2021\/04\/uushalli6-1-1x1.jpg 1w\" sizes=\"auto, (max-width: 960px) 100vw, 960px\" \/><\/figure><\/li><li class=\"blocks-gallery-item\"><figure><img loading=\"lazy\" decoding=\"async\" width=\"960\" height=\"640\" src=\"https:\/\/www.kana-areena.fi\/wp-content\/uploads\/2021\/04\/uushalli5.jpg\" alt=\"\" data-id=\"69\" data-link=\"https:\/\/www.kana-areena.fi\/index.php\/esimerkkisivu\/uushalli5\/\" class=\"wp-image-69\" srcset=\"https:\/\/www.kana-areena.fi\/wp-content\/uploads\/2021\/04\/uushalli5.jpg 960w, https:\/\/www.kana-areena.fi\/wp-content\/uploads\/2021\/04\/uushalli5-300x200.jpg 300w, https:\/\/www.kana-areena.fi\/wp-content\/uploads\/2021\/04\/uushalli5-768x512.jpg 768w, https:\/\/www.kana-areena.fi\/wp-content\/uploads\/2021\/04\/uushalli5-1x1.jpg 1w\" sizes=\"auto, (max-width: 960px) 100vw, 960px\" \/><\/figure><\/li><li class=\"blocks-gallery-item\"><figure><img loading=\"lazy\" decoding=\"async\" width=\"200\" height=\"300\" src=\"https:\/\/www.kana-areena.fi\/wp-content\/uploads\/2021\/04\/halli7.jpg\" alt=\"\" data-id=\"70\" data-link=\"https:\/\/www.kana-areena.fi\/index.php\/esimerkkisivu\/halli7\/\" class=\"wp-image-70\" srcset=\"https:\/\/www.kana-areena.fi\/wp-content\/uploads\/2021\/04\/halli7.jpg 200w, https:\/\/www.kana-areena.fi\/wp-content\/uploads\/2021\/04\/halli7-1x2.jpg 1w\" sizes=\"auto, (max-width: 200px) 100vw, 200px\" \/><\/figure><\/li><li class=\"blocks-gallery-item\"><figure><img loading=\"lazy\" decoding=\"async\" width=\"400\" height=\"601\" src=\"https:\/\/www.kana-areena.fi\/wp-content\/uploads\/2021\/04\/tokohalli3-1.jpg\" alt=\"\" data-id=\"71\" data-link=\"https:\/\/www.kana-areena.fi\/index.php\/esimerkkisivu\/tokohalli3-1\/\" class=\"wp-image-71\" srcset=\"https:\/\/www.kana-areena.fi\/wp-content\/uploads\/2021\/04\/tokohalli3-1.jpg 400w, https:\/\/www.kana-areena.fi\/wp-content\/uploads\/2021\/04\/tokohalli3-1-200x300.jpg 200w, https:\/\/www.kana-areena.fi\/wp-content\/uploads\/2021\/04\/tokohalli3-1-1x2.jpg 1w\" sizes=\"auto, (max-width: 400px) 100vw, 400px\" \/><\/figure><\/li><li class=\"blocks-gallery-item\"><figure><img loading=\"lazy\" decoding=\"async\" width=\"960\" height=\"640\" src=\"https:\/\/www.kana-areena.fi\/wp-content\/uploads\/2021\/04\/uushalli4-1.jpg\" alt=\"\" data-id=\"72\" data-link=\"https:\/\/www.kana-areena.fi\/index.php\/esimerkkisivu\/uushalli4-1\/\" class=\"wp-image-72\" srcset=\"https:\/\/www.kana-areena.fi\/wp-content\/uploads\/2021\/04\/uushalli4-1.jpg 960w, https:\/\/www.kana-areena.fi\/wp-content\/uploads\/2021\/04\/uushalli4-1-300x200.jpg 300w, https:\/\/www.kana-areena.fi\/wp-content\/uploads\/2021\/04\/uushalli4-1-768x512.jpg 768w, https:\/\/www.kana-areena.fi\/wp-content\/uploads\/2021\/04\/uushalli4-1-1x1.jpg 1w\" sizes=\"auto, (max-width: 960px) 100vw, 960px\" \/><\/figure><\/li><li class=\"blocks-gallery-item\"><figure><img loading=\"lazy\" decoding=\"async\" width=\"819\" height=\"960\" src=\"https:\/\/www.kana-areena.fi\/wp-content\/uploads\/2021\/04\/uushalli12.jpg\" alt=\"\" data-id=\"73\" data-full-url=\"https:\/\/www.kana-areena.fi\/wp-content\/uploads\/2021\/04\/uushalli12.jpg\" data-link=\"https:\/\/www.kana-areena.fi\/index.php\/esimerkkisivu\/uushalli12\/\" class=\"wp-image-73\" srcset=\"https:\/\/www.kana-areena.fi\/wp-content\/uploads\/2021\/04\/uushalli12.jpg 819w, https:\/\/www.kana-areena.fi\/wp-content\/uploads\/2021\/04\/uushalli12-256x300.jpg 256w, https:\/\/www.kana-areena.fi\/wp-content\/uploads\/2021\/04\/uushalli12-768x900.jpg 768w, https:\/\/www.kana-areena.fi\/wp-content\/uploads\/2021\/04\/uushalli12-1x1.jpg 1w\" sizes=\"auto, (max-width: 819px) 100vw, 819px\" \/><\/figure><\/li><\/ul><\/figure>\n","protected":false},"excerpt":{"rendered":"<p>Broilerit v\u00e4istyiv\u00e4t koirien tielt\u00e4 Kana-areena avattiin koirav\u00e4elle marraskuussa 2008. T\u00e4t\u00e4 ennen tiloissa tepastelivat broilerit, mist\u00e4 juontaakin nimi Kana-areena. Halleissa tehtiin perusteellinen remontti ennen koiraharrastajien saapumista.Koiraurheiluhallimme sijaitsevat entisen L\u00e4ngelm\u00e4en kunnan alueella L\u00e4nkipohjan kyl\u00e4ss\u00e4. Kulkuyhteydet Kana-areenalle ovat helpot: hallit sijaitsevat kahden kilometrin p\u00e4\u00e4ss\u00e4 valtatie 9:lt\u00e4. Matkaa L\u00e4nkipohjaan tulee Tampereelta n. 65km ja Jyv\u00e4skyl\u00e4st\u00e4 n. 85km. Tilat koiraharrastuksiin, &hellip; <\/p>\n","protected":false},"author":1,"featured_media":0,"parent":0,"menu_order":0,"comment_status":"closed","ping_status":"open","template":"","meta":{"footnotes":""},"class_list":["post-2","page","type-page","status-publish","hentry"],"_links":{"self":[{"href":"https:\/\/www.kana-areena.fi\/index.php\/wp-json\/wp\/v2\/pages\/2","targetHints":{"allow":["GET"]}}],"collection":[{"href":"https:\/\/www.kana-areena.fi\/index.php\/wp-json\/wp\/v2\/pages"}],"about":[{"href":"https:\/\/www.kana-areena.fi\/index.php\/wp-json\/wp\/v2\/types\/page"}],"author":[{"embeddable":true,"href":"https:\/\/www.kana-areena.fi\/index.php\/wp-json\/wp\/v2\/users\/1"}],"replies":[{"embeddable":true,"href":"https:\/\/www.kana-areena.fi\/index.php\/wp-json\/wp\/v2\/comments?post=2"}],"version-history":[{"count":3,"href":"https:\/\/www.kana-areena.fi\/index.php\/wp-json\/wp\/v2\/pages\/2\/revisions"}],"predecessor-version":[{"id":74,"href":"https:\/\/www.kana-areena.fi\/index.php\/wp-json\/wp\/v2\/pages\/2\/revisions\/74"}],"wp:attachment":[{"href":"https:\/\/www.kana-areena.fi\/index.php\/wp-json\/wp\/v2\/media?parent=2"}],"curies":[{"name":"wp","href":"https:\/\/api.w.org\/{rel}","templated":true}]}}