{"id":24,"date":"2021-04-14T19:28:59","date_gmt":"2021-04-14T16:28:59","guid":{"rendered":"https:\/\/www.kana-areena.fi\/?page_id=24"},"modified":"2021-04-14T19:30:22","modified_gmt":"2021-04-14T16:30:22","slug":"saannot","status":"publish","type":"page","link":"https:\/\/www.kana-areena.fi\/index.php\/saannot\/","title":{"rendered":"S\u00e4\u00e4nn\u00f6t"},"content":{"rendered":"\n<figure class=\"wp-block-image size-large is-style-default\"><img loading=\"lazy\" decoding=\"async\" width=\"960\" height=\"640\" src=\"https:\/\/www.kana-areena.fi\/wp-content\/uploads\/2021\/04\/uushalli9.jpg\" alt=\"\" class=\"wp-image-26\" srcset=\"https:\/\/www.kana-areena.fi\/wp-content\/uploads\/2021\/04\/uushalli9.jpg 960w, https:\/\/www.kana-areena.fi\/wp-content\/uploads\/2021\/04\/uushalli9-300x200.jpg 300w, https:\/\/www.kana-areena.fi\/wp-content\/uploads\/2021\/04\/uushalli9-768x512.jpg 768w\" sizes=\"auto, (max-width: 960px) 100vw, 960px\" \/><\/figure>\n\n\n\n<h3 class=\"wp-block-heading\">Hallin s\u00e4\u00e4nn\u00f6t<\/h3>\n\n\n\n<p>Juoksevan nartun saa tuoda halliin, mutta vain housut jalassa!<\/p>\n\n\n\n<p>\u2022 Koirat on pissatettava ennen halliin tuloa. Mik\u00e4li vahinko sattuu: se kuivataan, spray-pullosta sumutetaan runsaasti pesuainetta, joka imeytet\u00e4\u00e4n k\u00e4sipapereihin. Sakkoa perit\u00e4\u00e4n vahingosta 5 \u20ac, koiran ohjaajalta.<\/p>\n\n\n\n<p>\u2022 Agilityhallissa sis\u00e4keng\u00e4t vaihdetaan aina. Kurakelill\u00e4 toivotaan asiakkaiden k\u00e4ytt\u00e4v\u00e4n sis\u00e4kenki\u00e4 my\u00f6s tokohallissa.<\/p>\n\n\n\n<p>\u2022 Kun puomia siirret\u00e4\u00e4n, se on purettava osiin.<\/p>\n\n\n\n<p>\u2022 Koiria ei saa sitoa pattereihin, koukut on asennettu seinille sit\u00e4 varten.<\/p>\n\n\n\n<p>\u2022 Kahvin\/vedenkeittimen k\u00e4ytt\u00e4j\u00e4t huolehtivat, ett\u00e4 k\u00e4yt\u00f6n j\u00e4lkeen keittimet ovat puhtaat.<\/p>\n\n\n\n<p>\u2022 Esteet saa j\u00e4tt\u00e4\u00e4 paikoilleen, muilta osin hallin on oltava samassa kunnossa kuin tultaessa.<\/p>\n\n\n\n<p>\u2022 Halliin tulevilla koirilla pit\u00e4\u00e4 olla voimassa olevat rokotukset.<\/p>\n\n\n\n<p>\u2022 Vakiovuorolaiset: mik\u00e4li vuoronne peruuntuu, siit\u00e4 on ilmoitettava Liisalle p. 040-5731077 1 vrk ennen. Muuten laskutetaan varattu aika.<\/p>\n\n\n\n<p>\u2022 Molemmissa halleissa l\u00e4mp\u00f6tila on noin 13 \u2103<\/p>\n","protected":false},"excerpt":{"rendered":"<p>Hallin s\u00e4\u00e4nn\u00f6t Juoksevan nartun saa tuoda halliin, mutta vain housut jalassa! \u2022 Koirat on pissatettava ennen halliin tuloa. Mik\u00e4li vahinko sattuu: se kuivataan, spray-pullosta sumutetaan runsaasti pesuainetta, joka imeytet\u00e4\u00e4n k\u00e4sipapereihin. Sakkoa perit\u00e4\u00e4n vahingosta 5 \u20ac, koiran ohjaajalta. \u2022 Agilityhallissa sis\u00e4keng\u00e4t vaihdetaan aina. Kurakelill\u00e4 toivotaan asiakkaiden k\u00e4ytt\u00e4v\u00e4n sis\u00e4kenki\u00e4 my\u00f6s tokohallissa. \u2022 Kun puomia siirret\u00e4\u00e4n, se on &hellip; <\/p>\n","protected":false},"author":1,"featured_media":0,"parent":0,"menu_order":0,"comment_status":"closed","ping_status":"closed","template":"","meta":{"footnotes":""},"class_list":["post-24","page","type-page","status-publish","hentry"],"_links":{"self":[{"href":"https:\/\/www.kana-areena.fi\/index.php\/wp-json\/wp\/v2\/pages\/24","targetHints":{"allow":["GET"]}}],"collection":[{"href":"https:\/\/www.kana-areena.fi\/index.php\/wp-json\/wp\/v2\/pages"}],"about":[{"href":"https:\/\/www.kana-areena.fi\/index.php\/wp-json\/wp\/v2\/types\/page"}],"author":[{"embeddable":true,"href":"https:\/\/www.kana-areena.fi\/index.php\/wp-json\/wp\/v2\/users\/1"}],"replies":[{"embeddable":true,"href":"https:\/\/www.kana-areena.fi\/index.php\/wp-json\/wp\/v2\/comments?post=24"}],"version-history":[{"count":3,"href":"https:\/\/www.kana-areena.fi\/index.php\/wp-json\/wp\/v2\/pages\/24\/revisions"}],"predecessor-version":[{"id":28,"href":"https:\/\/www.kana-areena.fi\/index.php\/wp-json\/wp\/v2\/pages\/24\/revisions\/28"}],"wp:attachment":[{"href":"https:\/\/www.kana-areena.fi\/index.php\/wp-json\/wp\/v2\/media?parent=24"}],"curies":[{"name":"wp","href":"https:\/\/api.w.org\/{rel}","templated":true}]}}